{"id":1685,"date":"2021-01-22T16:30:38","date_gmt":"2021-01-22T16:30:38","guid":{"rendered":"https:\/\/lfhandel.de-fra1.cloudjiffy.net\/impressum\/"},"modified":"2021-02-03T08:32:35","modified_gmt":"2021-02-03T08:32:35","slug":"imprint","status":"publish","type":"page","link":"https:\/\/lfhandel.com\/en\/imprint\/","title":{"rendered":"Imprint"},"content":{"rendered":"\n<h2 class=\"has-text-align-center\" style=\"font-size:70px\"><strong>Imprint<\/strong><\/h2>\n\n\n\n<p><strong>disclosures pursuant to \u00a7 5 TMG<\/strong><\/p>\n\n\n\n<p>Lookfamed Handels GmbH<br>Wagenstieg 12<br>37077 G\u00f6ttingen<\/p>\n\n\n\n<p><strong>Contact:<\/strong><\/p>\n\n\n\n<p>E-Mail: info@lfhandel.com<\/p>\n\n\n\n<p><strong>Managing Director<\/strong>:<\/p>\n\n\n\n<p>Sebastian R\u00f6ske<\/p>\n\n\n\n<p><strong>Register entry<\/strong>:<\/p>\n\n\n\n<p>Registry court: Amtsgericht G\u00f6ttingen<br>Registernumber: HRB 205232<\/p>\n\n\n\n<p><strong>Value added tax:<\/strong><\/p>\n\n\n\n<p>Sales tax identification number according to \u00a7 27a Sales Tax Act: DE316166230<\/p>\n\n\n\n<p><strong>Dispute resolution:<\/strong><\/p>\n\n\n\n<p>We are not willing or obliged to participate in dispute resolution proceedings before a consumer arbitration board.<\/p>\n","protected":false},"excerpt":{"rendered":"<p>Imprint disclosures pursuant to \u00a7 5 TMG Lookfamed Handels GmbHWagenstieg 1237077 G\u00f6ttingen Contact: E-Mail: info@lfhandel.com Managing Director: Sebastian R\u00f6ske Register entry: Registry court: Amtsgericht G\u00f6ttingenRegisternumber: HRB 205232 Value added tax: Sales tax identification number according to \u00a7 27a Sales Tax Act: DE316166230 Dispute resolution: We are not willing or obliged to participate in dispute resolution [&#8230;]<\/p>\n<p><a class=\"btn btn-secondary understrap-read-more-link\" href=\"https:\/\/lfhandel.com\/en\/imprint\/\">Read More&#8230;<\/a><\/p>\n","protected":false},"author":3,"featured_media":0,"parent":0,"menu_order":0,"comment_status":"closed","ping_status":"closed","template":"","meta":{"inline_featured_image":false},"yoast_head":"<!-- This site is optimized with the Yoast SEO plugin v15.7 - https:\/\/yoast.com\/wordpress\/plugins\/seo\/ -->\n<title>Imprint - Hello World<\/title>\n<meta name=\"robots\" content=\"index, follow, max-snippet:-1, max-image-preview:large, max-video-preview:-1\" \/>\n<link rel=\"canonical\" href=\"https:\/\/lfhandel.com\/en\/imprint\/\" \/>\n<meta property=\"og:locale\" content=\"en_US\" \/>\n<meta property=\"og:type\" content=\"article\" \/>\n<meta property=\"og:title\" content=\"Imprint - Hello World\" \/>\n<meta property=\"og:description\" content=\"Imprint disclosures pursuant to \u00a7 5 TMG Lookfamed Handels GmbHWagenstieg 1237077 G\u00f6ttingen Contact: E-Mail: info@lfhandel.com Managing Director: Sebastian R\u00f6ske Register entry: Registry court: Amtsgericht G\u00f6ttingenRegisternumber: HRB 205232 Value added tax: Sales tax identification number according to \u00a7 27a Sales Tax Act: DE316166230 Dispute resolution: We are not willing or obliged to participate in dispute resolution [...]Read More...\" \/>\n<meta property=\"og:url\" content=\"https:\/\/lfhandel.com\/en\/imprint\/\" \/>\n<meta property=\"og:site_name\" content=\"Hello World\" \/>\n<meta property=\"article:modified_time\" content=\"2021-02-03T08:32:35+00:00\" \/>\n<meta name=\"twitter:card\" content=\"summary_large_image\" \/>\n<script type=\"application\/ld+json\" class=\"yoast-schema-graph\">{\"@context\":\"https:\/\/schema.org\",\"@graph\":[{\"@type\":\"WebSite\",\"@id\":\"https:\/\/lfhandel.com\/#website\",\"url\":\"https:\/\/lfhandel.com\/\",\"name\":\"Hello World\",\"description\":\"Just another WordPress site\",\"potentialAction\":[{\"@type\":\"SearchAction\",\"target\":\"https:\/\/lfhandel.com\/?s={search_term_string}\",\"query-input\":\"required name=search_term_string\"}],\"inLanguage\":\"en-US\"},{\"@type\":\"WebPage\",\"@id\":\"https:\/\/lfhandel.com\/en\/imprint\/#webpage\",\"url\":\"https:\/\/lfhandel.com\/en\/imprint\/\",\"name\":\"Imprint - Hello World\",\"isPartOf\":{\"@id\":\"https:\/\/lfhandel.com\/#website\"},\"datePublished\":\"2021-01-22T16:30:38+00:00\",\"dateModified\":\"2021-02-03T08:32:35+00:00\",\"inLanguage\":\"en-US\",\"potentialAction\":[{\"@type\":\"ReadAction\",\"target\":[\"https:\/\/lfhandel.com\/en\/imprint\/\"]}]}]}<\/script>\n<!-- \/ Yoast SEO plugin. -->","_links":{"self":[{"href":"https:\/\/lfhandel.com\/en\/wp-json\/wp\/v2\/pages\/1685"}],"collection":[{"href":"https:\/\/lfhandel.com\/en\/wp-json\/wp\/v2\/pages"}],"about":[{"href":"https:\/\/lfhandel.com\/en\/wp-json\/wp\/v2\/types\/page"}],"author":[{"embeddable":true,"href":"https:\/\/lfhandel.com\/en\/wp-json\/wp\/v2\/users\/3"}],"replies":[{"embeddable":true,"href":"https:\/\/lfhandel.com\/en\/wp-json\/wp\/v2\/comments?post=1685"}],"version-history":[{"count":2,"href":"https:\/\/lfhandel.com\/en\/wp-json\/wp\/v2\/pages\/1685\/revisions"}],"predecessor-version":[{"id":1693,"href":"https:\/\/lfhandel.com\/en\/wp-json\/wp\/v2\/pages\/1685\/revisions\/1693"}],"wp:attachment":[{"href":"https:\/\/lfhandel.com\/en\/wp-json\/wp\/v2\/media?parent=1685"}],"curies":[{"name":"wp","href":"https:\/\/api.w.org\/{rel}","templated":true}]}}